{"id":33464,"date":"2024-05-15T16:16:17","date_gmt":"2024-05-15T08:16:17","guid":{"rendered":"https:\/\/www.nineriversdistillery.cn\/?page_id=33464"},"modified":"2024-05-17T13:34:36","modified_gmt":"2024-05-17T05:34:36","slug":"forside","status":"publish","type":"page","link":"https:\/\/www.nineriversdistillery.cn\/da\/","title":{"rendered":"Forside"},"content":{"rendered":"<div class=\"hero js-scroll-section\">\n  <div class=\"hero__image\" style=\"background-image: url();\">\n\t<video autoplay muted loop playsinline id=\"NineRiversDistillery\">\n  <source src=\"https:\/\/www.nineriversdistillery.cn\/wp-content\/uploads\/2023\/06\/ninerivers_herovideo_lq.mp4\" type=\"video\/mp4\">\n<\/video>\n\t<\/div><!-- \/.hero__image \/.hero_video -->\n  <div class=\"hero__body\">\n    <div class=\"hero__content\">\n      <div class=\"shell\">\n        <div class=\"hero__entry\">\n          <h1>KLASSISK DESTILLERING MED ET MODERNE TOUCH<\/h1>\n          <p><span class=\"TextRun SCXW107063213 BCX0\" lang=\"DA-DK\" xml:lang=\"DA-DK\" data-contrast=\"auto\"><span class=\"NormalTextRun SCXW107063213 BCX0\">N\u00e5r gode venner m\u00f8des over en fantastisk flaske <\/span><span class=\"NormalTextRun SCXW107063213 BCX0\">whisky<\/span><span class=\"NormalTextRun SCXW107063213 BCX0\"> flyder samtalen. Nogle gange er den sjov, andre gange dyb, og nogle gange udvikler det sig til noget virkeligt. Vores udviklede sig til Nine Rivers <\/span><span class=\"NormalTextRun SCXW107063213 BCX0\">Distillery<\/span><\/span><span class=\"EOP SCXW107063213 BCX0\" data-ccp-props=\"{&quot;201341983&quot;:0,&quot;335551550&quot;:2,&quot;335551620&quot;:2,&quot;335559739&quot;:160,&quot;335559740&quot;:259}\">\u00a0<\/span><\/p>\n                    <a href=\"https:\/\/www.nineriversdistillery.cn\/en\/investors\/\" class=\"btn btn--white\">Invest\u00e9r in Nine Rivers Distillery<\/a>\n                  <\/div><!-- \/.hero__entry -->\n      <\/div><!-- \/.shell -->\n    <\/div><!-- \/.hero__content -->\n  <\/div><!-- \/.hero__body -->\n  <div class=\"hero__actions\">\n    <a href=\"#\" class=\"btn-round js-scroll-down\">\n      <i class=\"ico-arrow\"><\/i>\n    <\/a>\n  <\/div><!-- \/.hero__actions -->\n<\/div><!-- \/.hero -->\n\n\n\n<p class=\"has-white-color has-text-color\">Nine Rivers Distillery<\/p>\n\n\n<article class=\"article\" style=\";\">\n  <div class=\"shell\">\n    <div class=\"article__body\">\n      <div class=\"article__content\">\n        <div class=\"article__entry\">\n          <h2>OM NINE RIVERS <\/h2>\n          <p><p><span data-contrast=\"auto\">Nine Rivers er et multi-kategorisk destilleri beliggende i Longyan Bjergene, et omr\u00e5de af utrolig smuk natur, kun 90 minutter nord for Xiamen.<\/span><span data-ccp-props=\"{&quot;201341983&quot;:0,&quot;335559739&quot;:160,&quot;335559740&quot;:259}\">\u00a0<\/span><\/p>\n<p><span data-contrast=\"auto\">Vores beliggenhed er omringet af gamle skovarealer, et paradis for naturelskere og hikere, s\u00e5vel som de naturlige bjergkilder der filtrerer vandet over tusindvis af \u00e5r igennem de naturlige magmatiske og sediment\u00e6re bjergarter. Dette utroligt frugtbare land og uber\u00f8rte vand har skabt grundlag for menneskets bos\u00e6ttelser og landbrug i \u00e5rtusinde.<\/span><span data-ccp-props=\"{&quot;201341983&quot;:0,&quot;335559739&quot;:160,&quot;335559740&quot;:259}\">\u00a0<\/span><\/p>\n<p>Vi bygger videre p\u00e5 dette efterm\u00e5le af renhed og kombinerer nogle moderne metoder for at bringe destillering ind i det 21 \u00e5rhundrede. Skabning af vodka, gin, rum og whisky p\u00e5 kvaliteter h\u00f8jere end dem der er defineret af industri lederne.<\/p>\n<p data-ccp-props=\"{&quot;335551550&quot;:6,&quot;335551620&quot;:6,&quot;335559683&quot;:0,&quot;335559685&quot;:0,&quot;335559731&quot;:0,&quot;335559737&quot;:0,&quot;335562764&quot;:2,&quot;335562765&quot;:1,&quot;335562766&quot;:2,&quot;335562767&quot;:0.2,&quot;335562768&quot;:4,&quot;335562769&quot;:6}\">\u200b<\/p>\n<p data-ccp-props=\"{&quot;335551550&quot;:6,&quot;335551620&quot;:6,&quot;335559683&quot;:0,&quot;335559685&quot;:0,&quot;335559731&quot;:0,&quot;335559737&quot;:0,&quot;335562764&quot;:2,&quot;335562765&quot;:1,&quot;335562766&quot;:2,&quot;335562767&quot;:0.2,&quot;335562768&quot;:4,&quot;335562769&quot;:6}\">\u200b<\/p>\n<\/p>\n        <\/div><!-- \/.article__entry -->\n      <\/div><!-- \/.article__content -->\n\n      <div class=\"article__aside\">\n        <div class=\"article__image\">\n          <a href=\"#\">\n            <figure style=\"background-image: url(https:\/\/www.nineriversdistillery.cn\/wp-content\/uploads\/2021\/07\/2021-07-29-Home-Page-1.jpg);\"><\/figure>\n          <\/a>\n        <\/div><!-- \/.article__image -->\n      <\/div><!-- \/.article__aside -->\n    <\/div><!-- \/.article__body -->\n  <\/div><!-- \/.shell -->\n<\/article>\n\n\n\n<p class=\"has-white-color has-text-color\">Nine Rivers Distillery<\/p>\n\n\n<section class=\"section\" style=\"background-color:#f3f6f9;\">\n      <header class=\"section__head\">\n        <div class=\"shell\">\n          <div class=\"section__entry\">\n            <h2>Vores Folk<\/h2>\n            <p>Vi er t\u00e6t sammenknyttet hold der er meget engageret i vores arbejde. Hver af os bringer en unik styrke til destilleriet.<\/p>\n          <\/div><!-- \/.section__entry -->\n        <\/div><!-- \/.shell -->\n      <\/header><!-- \/.section__head -->\n      <div class=\"section__body\">\n  <div class=\"slider slider--profiles js-slider\" data-slidestoshow=\"1\" data-slidestoshow-mobile=\"1\" data-initialslide=\"2\" data-loop=\"false\" data-autoheight=\"true\">\n    <div class=\"shell\">\n      <div class=\"slider__nav js-slider-nav js-scrollable-horizontal\">\n        <ul>\n                  <\/ul>\n      <\/div><!-- \/.slider__nav -->\n      <div class=\"slider__clip swiper-container\">\n        <div class=\"slider__slides swiper-wrapper\">\n                  <\/div><!-- \/.slider__slides -->\n        <div class=\"swiper-arrows\">\n          <a href=\"#\" class=\"swiper-button-prev\">\n            <i class=\"ico-prev\"><\/i>\n          <\/a>\n          <a href=\"#\" class=\"swiper-button-next\">\n            <i class=\"ico-next\"><\/i>\n          <\/a>\n        <\/div><!-- \/.swiper-arrows -->\n      <\/div><!-- \/.slider__clip -->\n    <\/div><!-- \/.shell -->\n  <\/div><!-- \/.slider .slider-\/-profiles js-slider -->\n  <div class=\"btn-meet-the-team\">\n        <a href=\"https:\/\/www.nineriversdistillery.cn\/meet-the-team\/\" class=\"btn-more btn-more--size2\">Meet The Whole Team<i class=\"ico-next ico-next--blue\"><\/i><\/a>\n      <\/div>\n<\/div><!-- \/.section__body -->\n<\/section>\n\n\n\n<p class=\"has-white-color has-text-color\">Nine Rivers Distillery<\/p>\n\n\n\n<div class=\"wp-block-cover alignwide\"><span aria-hidden=\"true\" class=\"wp-block-cover__background has-background-dim\"><\/span><img loading=\"lazy\" decoding=\"async\" width=\"1280\" height=\"549\" class=\"wp-block-cover__image-background wp-image-3425\" alt=\"\" src=\"https:\/\/www.nineriversdistillery.cn\/wp-content\/uploads\/2021\/08\/nine-rivers-distillery-ancient-art-of-distillinh.jpeg\" data-object-fit=\"cover\" srcset=\"https:\/\/www.nineriversdistillery.cn\/wp-content\/uploads\/2021\/08\/nine-rivers-distillery-ancient-art-of-distillinh.jpeg 1280w, https:\/\/www.nineriversdistillery.cn\/wp-content\/uploads\/2021\/08\/nine-rivers-distillery-ancient-art-of-distillinh-300x129.jpeg 300w, https:\/\/www.nineriversdistillery.cn\/wp-content\/uploads\/2021\/08\/nine-rivers-distillery-ancient-art-of-distillinh-768x329.jpeg 768w, https:\/\/www.nineriversdistillery.cn\/wp-content\/uploads\/2021\/08\/nine-rivers-distillery-ancient-art-of-distillinh-1024x439.jpeg 1024w, https:\/\/www.nineriversdistillery.cn\/wp-content\/uploads\/2021\/08\/nine-rivers-distillery-ancient-art-of-distillinh-600x257.jpeg 600w\" sizes=\"(max-width: 1280px) 100vw, 1280px\" \/><div class=\"wp-block-cover__inner-container is-layout-flow wp-block-cover-is-layout-flow\">\n<blockquote class=\"wp-block-quote has-text-align-center is-layout-flow wp-block-quote-is-layout-flow\">\n<p>Vi kombinerer oldgamle western traditioner med moderne udviklinger i teknologi, for at minimere energiforbruget og reducerer vores CO2 udledning&nbsp;<\/p>\n\n\n\n<p>Vi h\u00f8ster energi fra milj\u00f8et ved brug af varmeluftpumper, vi genbruger den varme vi her genererer hj\u00e6lp af h\u00f8jt optimerede varmevekslere.&nbsp;<br>Vi skaber k\u00f8ling med naturligt luft flow og smart arkitektur. Vores affald er genbrugt som dyrefoder, og til g\u00f8dning af landbruget. Vi udnytter genbrugt glas, og genanvendelige produkt af alt vores pakning.&nbsp;<\/p>\n\n\n\n<p>Vi anser alle disse ting, som sund fornuft og ansvarlig forretning&nbsp;<\/p>\n<\/blockquote>\n\n\n\n<p><\/p>\n<\/div><\/div>\n\n\n<section class=\"section section--facts\" style=\"background-color:#f3f6f9;\">\n  <div class=\"shell\">\n    <header class=\"section__head\">\n      <div class=\"shell\">\n        <div class=\"section__entry\">\n          <h2>Facts and Tal<\/h2>\n        <\/div><!-- \/.section__entry -->\n      <\/div><!-- \/.shell -->\n    <\/header><!-- \/.section__head -->\n    <div class=\"section__body\">\n  <div class=\"grid\">\n                    <div class=\"grid__item grid__item--1of2\">\n  <div class=\"feature\">\n    <figure class=\"feature__image\">\n      <i class=\"ico-drop\"><\/i>\n    <\/figure><!-- \/.feature__image -->\n\n    <div class=\"feature__entry\">\n      <h5>PRISTINE WATER<\/h5>\n      <p><p>Our water has been trapped beneath 300 meters of volcanic granite for thousands of years. Free from salts and other minerals that impair flavor, our water is pure, crisp, and it brings out the best in our grains. <\/p>\n<\/p>\n    <\/div><!-- \/.feature__entry -->\n  <\/div>\n<\/div>\n                <div class=\"grid__item grid__item--1of2\">\n  <div class=\"feature\">\n    <figure class=\"feature__image\">\n      <i class=\"ico-drops\"><\/i>\n    <\/figure><!-- \/.feature__image -->\n\n    <div class=\"feature__entry\">\n      <h5>NATURAL ENVIRONMENT<\/h5>\n      <p><p>Nine Rivers is located 800 meters above sea level in a remote mountain village. This area has a unique microclimate similar to the Lowlands of Scotland, which creates better harmony between alcohol and cask.<\/p>\n<\/p>\n    <\/div><!-- \/.feature__entry -->\n  <\/div>\n<\/div>\n                <div class=\"grid__item grid__item--1of2\">\n  <div class=\"feature\">\n    <figure class=\"feature__image\">\n      <i class=\"ico-leaves\"><\/i>\n    <\/figure><!-- \/.feature__image -->\n\n    <div class=\"feature__entry\">\n      <h5>RECYCLED GRAINS<\/h5>\n      <p><p>We recycle all spent grains into animal feed. While free of some starches, these grains are rich in protein and nutrients that would otherwise go to waste.<\/p>\n<\/p>\n    <\/div><!-- \/.feature__entry -->\n  <\/div>\n<\/div>\n                <div class=\"grid__item grid__item--1of2\">\n  <div class=\"feature\">\n    <figure class=\"feature__image\">\n      <i class=\"ico-house\"><\/i>\n    <\/figure><!-- \/.feature__image -->\n\n    <div class=\"feature__entry\">\n      <h5>TRACEABILITY<\/h5>\n      <p><p><span class=\"TextRun Highlight SCXW148702294 BCX0\" lang=\"EN-US\" xml:lang=\"EN-US\" data-contrast=\"none\"><span class=\"NormalTextRun SCXW148702294 BCX0\">Quality of ingredients makes or breaks the quality of what you\u2019re drinking.\u00a0<\/span><\/span><span class=\"TextRun Highlight SCXW148702294 BCX0\" lang=\"EN-US\" xml:lang=\"EN-US\" data-contrast=\"none\"><span class=\"NormalTextRun SCXW148702294 BCX0\">Using proprietary NFC chips, we track everything that goes into each individual bottle \u2013 right down to the grain.\u00a0<\/span><\/span><span class=\"TextRun Highlight SCXW148702294 BCX0\" lang=\"EN-US\" xml:lang=\"EN-US\" data-contrast=\"none\"><span class=\"NormalTextRun SCXW148702294 BCX0\">\u00a0<\/span><\/span><span class=\"EOP SCXW148702294 BCX0\" data-ccp-props=\"{&quot;201341983&quot;:0,&quot;335551550&quot;:1,&quot;335551620&quot;:1,&quot;335559739&quot;:160,&quot;335559740&quot;:259}\">\u00a0<\/span><\/p>\n<\/p>\n    <\/div><!-- \/.feature__entry -->\n  <\/div>\n<\/div>\n                <div class=\"grid__item grid__item--1of2\">\n  <div class=\"feature\">\n    <figure class=\"feature__image\">\n      <i class=\"ico-leaf\"><\/i>\n    <\/figure><!-- \/.feature__image -->\n\n    <div class=\"feature__entry\">\n      <h5>WASTE MANAGEMENT<\/h5>\n      <p><p>In addition to recycling our used grains for animal feed, we repurpose our pot ale and spent lees to create  biogas for the local community. <\/p>\n<\/p>\n    <\/div><!-- \/.feature__entry -->\n  <\/div>\n<\/div>\n                <div class=\"grid__item grid__item--1of2\">\n  <div class=\"feature\">\n    <figure class=\"feature__image\">\n      <i class=\"ico-pin\"><\/i>\n    <\/figure><!-- \/.feature__image -->\n\n    <div class=\"feature__entry\">\n      <h5>COMPLETE PORTFOLIO<\/h5>\n      <p><p>We produce a complete portfolio of premium spirits, including vodka, gin, rhum, liqueurs \u2013 and, of course, whisky. At full capacity we will produce 7.5 million LPA.<\/p>\n<\/p>\n    <\/div><!-- \/.feature__entry -->\n  <\/div>\n<\/div>\n                <div class=\"grid__item grid__item--1of2\">\n  <div class=\"feature\">\n    <figure class=\"feature__image\">\n      <i class=\"ico-charge\"><\/i>\n    <\/figure><!-- \/.feature__image -->\n\n    <div class=\"feature__entry\">\n      <h5>TECHNOLOGY-DRIVEN<\/h5>\n      <p><p><span class=\"TextRun Highlight SCXW192253183 BCX0\" lang=\"EN-US\" xml:lang=\"EN-US\" data-contrast=\"none\"><span class=\"NormalTextRun SCXW192253183 BCX0\">We believe in the power of technology to enhance traditional craftsmanship.<\/span><\/span><span class=\"TextRun Highlight SCXW192253183 BCX0\" lang=\"EN-US\" xml:lang=\"EN-US\" data-contrast=\"auto\"><span class=\"NormalTextRun SCXW192253183 BCX0\"> Building on classic copper still design, we use a proprietary system of agitation and collective heat exchange that greatly reduces energy consumption and extends the life of our stills.<\/span><\/span><\/p>\n<\/p>\n    <\/div><!-- \/.feature__entry -->\n  <\/div>\n<\/div>\n                <div class=\"grid__item grid__item--1of2\">\n  <div class=\"feature\">\n    <figure class=\"feature__image\">\n      <i class=\"ico-flower\"><\/i>\n    <\/figure><!-- \/.feature__image -->\n\n    <div class=\"feature__entry\">\n      <h5>ENERGY CONSUMPTION<\/h5>\n      <p><p>Old distillation technology uses far too much energy, which threatens the natural resources that make our products great. We have minimized our environmental impact by reducing energy consumption to mere fractions of the energy-per-bottle consumed at traditional distilleries. <\/p>\n<\/p>\n    <\/div><!-- \/.feature__entry -->\n  <\/div>\n<\/div>\n            <\/div>\n<\/div>\n  <\/div>\n<\/section>\n\n\n<section class=\"section\" style=\"background-color:#ffffff;\">\n  <div class=\"shell\">\n    <header class=\"section__head\">\n      <div class=\"shell\">\n        <div class=\"section__entry\">\n          <h2>Hvordan laver vi whisky?<\/h2>\n        <\/div><!-- \/.section__entry -->\n      <\/div><!-- \/.shell -->\n    <\/header><!-- \/.section__head -->\n    <div class=\"section__body\">\n  <\/div>\n  <\/div><!-- .shell -->\n<\/section>\n\n\n\n<h2 class=\"has-white-color has-text-color wp-block-heading\">Nine Rivers Distillery<\/h2>\n\n\n\n<p class=\"has-white-color has-text-color\">Nine Rivers Distillery is a multi-category distillery located in the mountains of Longyan, an area of outstanding&nbsp;natural beauty and just 90 minutes north of Xiamen.\u200b<\/p>\n\n\n\n<p class=\"has-white-color has-text-color\">Our site is surrounded by ancient woodlands, a paradise for nature lovers and hikers as well as natural mountain springs that filter water over millennia through the natural igneous and sedimental rock formations. &nbsp;This highly fertile land with pristine water has supported human settlements and agriculture for thousands of years.\u200b<\/p>\n\n\n\n<p class=\"has-white-color has-text-color\">We build onto this legacy of purity and combine some modern touches to bring distilling into the 21st century. &nbsp;Crafting vodka, gin, rhum and whiskies to quality standards above and beyond those defined by industry leaders.<\/p>\n","protected":false},"excerpt":{"rendered":"<p>Nine Rivers Distillery Nine Rivers Distillery Nine Rivers Distillery Nine Rivers Distillery Nine Rivers Distillery is a multi-category distillery located in the mountains of Longyan, an area of outstanding&nbsp;natural beauty and just 90 minutes north of Xiamen.\u200b Our site is surrounded by ancient woodlands, a paradise for nature lovers and hikers as well as natural [&hellip;]<\/p>\n","protected":false},"author":7952,"featured_media":27144,"parent":0,"menu_order":0,"comment_status":"closed","ping_status":"closed","template":"template-full-width.php","meta":{"_bbp_topic_count":0,"_bbp_reply_count":0,"_bbp_total_topic_count":0,"_bbp_total_reply_count":0,"_bbp_voice_count":0,"_bbp_anonymous_reply_count":0,"_bbp_topic_count_hidden":0,"_bbp_reply_count_hidden":0,"_bbp_forum_subforum_count":0,"footnotes":""},"yst_prominent_words":[58,533,57,53,522],"acf":[],"yoast_head":"<!-- This site is optimized with the Yoast SEO Premium plugin v14.2 - https:\/\/yoast.com\/wordpress\/plugins\/seo\/ -->\n<title>Forside - Nine Rivers Distilllery<\/title>\n<meta name=\"description\" content=\"Forsiden for Nine Rivers Distillery. Dette er d\u00f8ren til en helt ny verden af whisky lavet i de smukkeste omgivelser med de bedste r\u00e5varer.\" \/>\n<meta name=\"robots\" content=\"index, follow\" \/>\n<meta name=\"googlebot\" content=\"index, follow, max-snippet:-1, max-image-preview:large, max-video-preview:-1\" \/>\n<meta name=\"bingbot\" content=\"index, follow, max-snippet:-1, max-image-preview:large, max-video-preview:-1\" \/>\n<link rel=\"canonical\" href=\"https:\/\/www.nineriversdistillery.cn\/da\/\" \/>\n<meta property=\"og:locale\" content=\"da_DK\" \/>\n<meta property=\"og:type\" content=\"article\" \/>\n<meta property=\"og:title\" content=\"Forside - Nine Rivers Distilllery\" \/>\n<meta property=\"og:description\" content=\"Forsiden for Nine Rivers Distillery. Dette er d\u00f8ren til en helt ny verden af whisky lavet i de smukkeste omgivelser med de bedste r\u00e5varer.\" \/>\n<meta property=\"og:url\" content=\"https:\/\/www.nineriversdistillery.cn\/da\/\" \/>\n<meta property=\"og:site_name\" content=\"Nine Rivers Distilllery\" \/>\n<meta property=\"article:modified_time\" content=\"2024-05-17T05:34:36+00:00\" \/>\n<meta property=\"og:image\" content=\"https:\/\/www.nineriversdistillery.cn\/wp-content\/uploads\/2021\/09\/Artboard-61x.jpeg\" \/>\n\t<meta property=\"og:image:width\" content=\"1280\" \/>\n\t<meta property=\"og:image:height\" content=\"464\" \/>\n<meta name=\"twitter:card\" content=\"summary_large_image\" \/>\n<script type=\"application\/ld+json\" class=\"yoast-schema-graph\">{\"@context\":\"https:\/\/schema.org\",\"@graph\":[{\"@type\":\"WebSite\",\"@id\":\"https:\/\/www.nineriversdistillery.cn\/da\/#website\",\"url\":\"https:\/\/www.nineriversdistillery.cn\/da\/\",\"name\":\"Nine Rivers Distilllery\",\"description\":\"Classic Distilling with a Modern Touch\",\"potentialAction\":[{\"@type\":\"SearchAction\",\"target\":\"https:\/\/www.nineriversdistillery.cn\/da\/?s={search_term_string}\",\"query-input\":\"required name=search_term_string\"}],\"inLanguage\":\"da-DK\"},{\"@type\":\"ImageObject\",\"@id\":\"https:\/\/www.nineriversdistillery.cn\/da\/#primaryimage\",\"inLanguage\":\"da-DK\",\"url\":\"https:\/\/www.nineriversdistillery.cn\/wp-content\/uploads\/2021\/09\/Artboard-61x.jpeg\",\"width\":1280,\"height\":464},{\"@type\":\"WebPage\",\"@id\":\"https:\/\/www.nineriversdistillery.cn\/da\/#webpage\",\"url\":\"https:\/\/www.nineriversdistillery.cn\/da\/\",\"name\":\"Forside - Nine Rivers Distilllery\",\"isPartOf\":{\"@id\":\"https:\/\/www.nineriversdistillery.cn\/da\/#website\"},\"primaryImageOfPage\":{\"@id\":\"https:\/\/www.nineriversdistillery.cn\/da\/#primaryimage\"},\"datePublished\":\"2024-05-15T08:16:17+00:00\",\"dateModified\":\"2024-05-17T05:34:36+00:00\",\"description\":\"Forsiden for Nine Rivers Distillery. Dette er d\\u00f8ren til en helt ny verden af whisky lavet i de smukkeste omgivelser med de bedste r\\u00e5varer.\",\"inLanguage\":\"da-DK\",\"potentialAction\":[{\"@type\":\"ReadAction\",\"target\":[\"https:\/\/www.nineriversdistillery.cn\/da\/\"]}]}]}<\/script>\n<!-- \/ Yoast SEO Premium plugin. -->","_links":{"self":[{"href":"https:\/\/www.nineriversdistillery.cn\/da\/wp-json\/wp\/v2\/pages\/33464"}],"collection":[{"href":"https:\/\/www.nineriversdistillery.cn\/da\/wp-json\/wp\/v2\/pages"}],"about":[{"href":"https:\/\/www.nineriversdistillery.cn\/da\/wp-json\/wp\/v2\/types\/page"}],"author":[{"embeddable":true,"href":"https:\/\/www.nineriversdistillery.cn\/da\/wp-json\/wp\/v2\/users\/7952"}],"replies":[{"embeddable":true,"href":"https:\/\/www.nineriversdistillery.cn\/da\/wp-json\/wp\/v2\/comments?post=33464"}],"version-history":[{"count":3,"href":"https:\/\/www.nineriversdistillery.cn\/da\/wp-json\/wp\/v2\/pages\/33464\/revisions"}],"predecessor-version":[{"id":33470,"href":"https:\/\/www.nineriversdistillery.cn\/da\/wp-json\/wp\/v2\/pages\/33464\/revisions\/33470"}],"wp:featuredmedia":[{"embeddable":true,"href":"https:\/\/www.nineriversdistillery.cn\/da\/wp-json\/wp\/v2\/media\/27144"}],"wp:attachment":[{"href":"https:\/\/www.nineriversdistillery.cn\/da\/wp-json\/wp\/v2\/media?parent=33464"}],"wp:term":[{"taxonomy":"yst_prominent_words","embeddable":true,"href":"https:\/\/www.nineriversdistillery.cn\/da\/wp-json\/wp\/v2\/yst_prominent_words?post=33464"}],"curies":[{"name":"wp","href":"https:\/\/api.w.org\/{rel}","templated":true}]}}