{"id":9341,"date":"2022-10-08T14:56:13","date_gmt":"2022-10-08T06:56:13","guid":{"rendered":"https:\/\/www.nineriversdistillery.cn\/?page_id=9341"},"modified":"2022-10-08T14:56:14","modified_gmt":"2022-10-08T06:56:14","slug":"limitierte-editionen","status":"publish","type":"page","link":"https:\/\/www.nineriversdistillery.cn\/de\/limitierte-editionen\/","title":{"rendered":"Limitierte Editionen"},"content":{"rendered":"<article class=\"article-alt article-alt--reversed article-alt--reversed-size2\" style=\";\">\n  <div class=\"shell\">\n    <div class=\"article__body\">\n      <div class=\"article__content\">\n        <div class=\"article__entry\">\n          <h2>The Founders&#8216; Casks<\/h2>\n          <p><p>Die erste unserer limitierten Ausgaben hei\u00dft The Founders&#8216; Casks. Es handelt sich um eine Serie von sechs Abf\u00fcllungen welche unsere F\u00e4higkeit demonstrieren sollen, den besten frisch gebrannten Single Malt Whisky auszuw\u00e4hlen, ihn mit den besten Ex-Bourbonf\u00e4ssern zu kombinieren und die Whiskys anschlie\u00dfend mit einer Vielzahl von Fassfinishs zu verfeinern \u2013 eine Vorschau auf das was wir hier in China herstellen werden.<\/p>\n<p>Wir haben unser eigenes ma\u00dfgeschneidertes geformtes Glas entworfen. Wir haben einen originellen, hochwertigen Verpackungsstil geschaffen, aber vor allem haben wir einige erstaunliche Weltklasse Whiskys geformt.<\/p>\n<p>Expression 1 von The Founders&#8216; Casks wird im Q4 2021 ver\u00f6ffentlicht.<\/p>\n<\/p>\n        <\/div><!-- \/.article__entry -->\n      <\/div><!-- \/.article__content -->\n\n      <div class=\"article__aside\">\n        <div class=\"article__image\">\n          <a href=\"#\">\n            <figure style=\"background-image: url(https:\/\/www.nineriversdistillery.cn\/wp-content\/uploads\/2021\/08\/4501629720103_.pic_.jpg);\"><\/figure>\n          <\/a>\n        <\/div><!-- \/.article__image -->\n      <\/div><!-- \/.article__aside -->\n    <\/div><!-- \/.article__body -->\n  <\/div><!-- \/.shell -->\n<\/article>\n","protected":false},"excerpt":{"rendered":"","protected":false},"author":2,"featured_media":6768,"parent":0,"menu_order":0,"comment_status":"closed","ping_status":"closed","template":"template-full-width.php","meta":{"_bbp_topic_count":0,"_bbp_reply_count":0,"_bbp_total_topic_count":0,"_bbp_total_reply_count":0,"_bbp_voice_count":0,"_bbp_anonymous_reply_count":0,"_bbp_topic_count_hidden":0,"_bbp_reply_count_hidden":0,"_bbp_forum_subforum_count":0,"footnotes":""},"yst_prominent_words":[],"acf":[],"yoast_head":"<!-- This site is optimized with the Yoast SEO Premium plugin v14.2 - https:\/\/yoast.com\/wordpress\/plugins\/seo\/ -->\n<title>Limitierte Editionen - Nine Rivers Distilllery<\/title>\n<meta name=\"robots\" content=\"index, follow\" \/>\n<meta name=\"googlebot\" content=\"index, follow, max-snippet:-1, max-image-preview:large, max-video-preview:-1\" \/>\n<meta name=\"bingbot\" content=\"index, follow, max-snippet:-1, max-image-preview:large, max-video-preview:-1\" \/>\n<link rel=\"canonical\" href=\"https:\/\/www.nineriversdistillery.cn\/de\/limitierte-editionen\/\" \/>\n<meta property=\"og:locale\" content=\"de_DE\" \/>\n<meta property=\"og:type\" content=\"article\" \/>\n<meta property=\"og:title\" content=\"Limitierte Editionen - Nine Rivers Distilllery\" \/>\n<meta property=\"og:url\" content=\"https:\/\/www.nineriversdistillery.cn\/de\/limitierte-editionen\/\" \/>\n<meta property=\"og:site_name\" content=\"Nine Rivers Distilllery\" \/>\n<meta property=\"article:modified_time\" content=\"2022-10-08T06:56:14+00:00\" \/>\n<meta property=\"og:image\" content=\"https:\/\/www.nineriversdistillery.cn\/wp-content\/uploads\/2021\/08\/image00039.jpeg\" \/>\n\t<meta property=\"og:image:width\" content=\"1600\" \/>\n\t<meta property=\"og:image:height\" content=\"1600\" \/>\n<meta name=\"twitter:card\" content=\"summary_large_image\" \/>\n<script type=\"application\/ld+json\" class=\"yoast-schema-graph\">{\"@context\":\"https:\/\/schema.org\",\"@graph\":[{\"@type\":\"WebSite\",\"@id\":\"https:\/\/www.nineriversdistillery.cn\/de\/#website\",\"url\":\"https:\/\/www.nineriversdistillery.cn\/de\/\",\"name\":\"Nine Rivers Distilllery\",\"description\":\"Classic Distilling with a Modern Touch\",\"potentialAction\":[{\"@type\":\"SearchAction\",\"target\":\"https:\/\/www.nineriversdistillery.cn\/de\/?s={search_term_string}\",\"query-input\":\"required name=search_term_string\"}],\"inLanguage\":\"de\"},{\"@type\":\"ImageObject\",\"@id\":\"https:\/\/www.nineriversdistillery.cn\/de\/limitierte-editionen\/#primaryimage\",\"inLanguage\":\"de\",\"url\":\"https:\/\/www.nineriversdistillery.cn\/wp-content\/uploads\/2021\/08\/image00039.jpeg\",\"width\":1600,\"height\":1600,\"caption\":\"The Founders' Casks Expression 1 Madeira\"},{\"@type\":\"WebPage\",\"@id\":\"https:\/\/www.nineriversdistillery.cn\/de\/limitierte-editionen\/#webpage\",\"url\":\"https:\/\/www.nineriversdistillery.cn\/de\/limitierte-editionen\/\",\"name\":\"Limitierte Editionen - Nine Rivers Distilllery\",\"isPartOf\":{\"@id\":\"https:\/\/www.nineriversdistillery.cn\/de\/#website\"},\"primaryImageOfPage\":{\"@id\":\"https:\/\/www.nineriversdistillery.cn\/de\/limitierte-editionen\/#primaryimage\"},\"datePublished\":\"2022-10-08T06:56:13+00:00\",\"dateModified\":\"2022-10-08T06:56:14+00:00\",\"inLanguage\":\"de\",\"potentialAction\":[{\"@type\":\"ReadAction\",\"target\":[\"https:\/\/www.nineriversdistillery.cn\/de\/limitierte-editionen\/\"]}]}]}<\/script>\n<!-- \/ Yoast SEO Premium plugin. -->","_links":{"self":[{"href":"https:\/\/www.nineriversdistillery.cn\/de\/wp-json\/wp\/v2\/pages\/9341"}],"collection":[{"href":"https:\/\/www.nineriversdistillery.cn\/de\/wp-json\/wp\/v2\/pages"}],"about":[{"href":"https:\/\/www.nineriversdistillery.cn\/de\/wp-json\/wp\/v2\/types\/page"}],"author":[{"embeddable":true,"href":"https:\/\/www.nineriversdistillery.cn\/de\/wp-json\/wp\/v2\/users\/2"}],"replies":[{"embeddable":true,"href":"https:\/\/www.nineriversdistillery.cn\/de\/wp-json\/wp\/v2\/comments?post=9341"}],"version-history":[{"count":2,"href":"https:\/\/www.nineriversdistillery.cn\/de\/wp-json\/wp\/v2\/pages\/9341\/revisions"}],"predecessor-version":[{"id":9343,"href":"https:\/\/www.nineriversdistillery.cn\/de\/wp-json\/wp\/v2\/pages\/9341\/revisions\/9343"}],"wp:featuredmedia":[{"embeddable":true,"href":"https:\/\/www.nineriversdistillery.cn\/de\/wp-json\/wp\/v2\/media\/6768"}],"wp:attachment":[{"href":"https:\/\/www.nineriversdistillery.cn\/de\/wp-json\/wp\/v2\/media?parent=9341"}],"wp:term":[{"taxonomy":"yst_prominent_words","embeddable":true,"href":"https:\/\/www.nineriversdistillery.cn\/de\/wp-json\/wp\/v2\/yst_prominent_words?post=9341"}],"curies":[{"name":"wp","href":"https:\/\/api.w.org\/{rel}","templated":true}]}}